{"id":1806,"date":"2021-05-30T14:08:16","date_gmt":"2021-05-30T13:08:16","guid":{"rendered":"https:\/\/safewheels.wordifysites.com\/?page_id=2"},"modified":"2024-11-24T18:02:19","modified_gmt":"2024-11-24T18:02:19","slug":"home","status":"publish","type":"page","link":"https:\/\/gandiataxi.com\/de\/","title":{"rendered":"Inicio"},"content":{"rendered":"<section class=\"gb-container gb-container-ad3752fd\">\n<div class=\"gb-container gb-container-b268dd05\">\n<div class=\"gb-container gb-container-0079fd75\">\n\n<h1 class=\"wp-block-heading\" style=\"font-size:0px\">radio taxi gandia<\/h1>\n\n\n\n<h1 class=\"gb-headline gb-headline-02445323 gb-headline-text\">taxis Gandia.<br>Pide Un taxi ya.<\/h1>\n\n\n\n<h2 class=\"gb-headline gb-headline-f9d013a7 gb-headline-text\">Rufen Sie uns per Telefon an <\/h2>\n\n\n\n<p class=\"has-text-align-center\"><br>Treten Sie direkt mit lokalen Taxifahrern in Gand\u00eda in Kontakt. Unabh\u00e4ngige Werbeplattform, ohne Vermittler oder Zugeh\u00f6rigkeit.<\/p>\n\n<\/div>\n\n<div class=\"gb-container gb-container-0f9e7a7c\">\n\n<p class=\"translation-block\">Wenn Sie ein Taxi in Gand\u00eda suchen, kontaktieren Sie uns unter der Telefonnummer, die Sie auf unserer Website finden, f\u00fcr einen schnellen und sicheren Service. Rufen Sie jetzt an und reisen Sie bequem durch die Stadt und ihre Umgebung!\nEgal, ob Sie einen effizienten und sicheren Transport f\u00fcr Ihre Fahrten in der Stadt Valencia, ein Taxi von Gand\u00eda zum Flughafen oder ein Taxi nach Gand\u00eda Strand ben\u00f6tigen, Taxi Gand\u00eda ist Ihre beste Wahl. Mit professionellen Fahrern und umfassenden Ortskenntnissen bietet Ihnen Taxi Gand\u00eda eine komfortable und stressfreie Fahrt. Au\u00dferdem bieten wir einen 24-Stunden-Taxi-Service in Gand\u00eda, der sicherstellt, dass jederzeit ein Transport verf\u00fcgbar ist, wenn Sie ihn brauchen. Wenn Sie Wert auf Schnelligkeit und Komfort legen, ist Taxi Gand\u00eda die perfekte Wahl f\u00fcr Ihre Fahrten in Valencia.<\/p>\n\n\n\n<figure class=\"wp-block-image size-full\"><img decoding=\"async\" width=\"813\" height=\"401\" src=\"https:\/\/gandiataxi.com\/wp-content\/uploads\/2024\/09\/taxi-blanco.png\" alt=\"taxi gandia\" class=\"wp-image-1976\" srcset=\"https:\/\/gandiataxi.com\/wp-content\/uploads\/2024\/09\/taxi-blanco.png 813w, https:\/\/gandiataxi.com\/wp-content\/uploads\/2024\/09\/taxi-blanco-300x148.png 300w, https:\/\/gandiataxi.com\/wp-content\/uploads\/2024\/09\/taxi-blanco-768x379.png 768w, https:\/\/gandiataxi.com\/wp-content\/uploads\/2024\/09\/taxi-blanco-18x9.png 18w\" sizes=\"(max-width: 813px) 100vw, 813px\" \/><\/figure>\n\n<\/div>\n<\/div>\n<\/section>\n\n<section class=\"gb-container gb-container-bef98be3\">\n<div class=\"gb-container gb-container-3deb6595\">\n<div class=\"gb-container gb-container-aeae3507\">\n\n<div class=\"gb-headline gb-headline-2b14e542\"><span class=\"gb-icon\"><svg viewbox=\"0 0 612.051 612.051\" xmlns=\"http:\/\/www.w3.org\/2000\/svg\"><path d=\"m601.406 425.926-102.4 87.199v31.301c0 6.699-5.7 11.3-12.4 11.3h-68.3c-6.7 0-12.399-4.8-12.399-11.3v-70.2c0-3.7 1.899-7.601 4.8-9.5l125.1-77.7 12.4-165c0-14.3 11.3-25.6 25.6-25.6s25.601 11.3 25.601 24.6l12.399 178.3c.999 14.4-.801 18.999-10.401 26.6zm-491.2-61.5V241.125c0-12.4 1.9-20.9 7.6-33.2l60.7-126.1c6.7-14.3 25.6-26.5 41.7-26.5h171.7c17 0 36.1 11.3 42.6 26.5l60.7 126.1c5.7 12.4 7.6 21.8 7.6 33.2V364.525c0 4.8-4.8 9.5-9.5 9.5h-48.3c-5.7 0-9.5-4.8-9.5-9.5v-30.5h-258V364.426c0 4.8-4.8 9.5-9.5 9.5h-48.3c-4.7 0-9.5-4.801-9.5-9.5zm329.1-128.101c-17 0-30.399 14.3-30.399 30.4 0 16.1 13.3 30.4 30.399 30.4 17 0 30.4-13.3 30.4-30.4 0-17.1-13.4-30.4-30.4-30.4zm-274.1-32.2h282.6l-41.7-87.2c-8.5-17-16.1-20.9-33.199-20.9H239.306c-17 0-24.6 3.7-32.2 20.9l-41.9 87.2zm-21.8 62.5c0 16.1 13.3 30.4 30.4 30.4 17.1 0 30.4-13.3 30.4-30.4s-13.3-30.4-30.4-30.4c-17.1.001-30.4 14.3-30.4 30.4zm58.8 199.101-125.1-77.7-12.4-165c.9-15.2-11.3-26.5-25.6-26.5s-26.5 11.3-26.5 25.5l-12.4 178.4c-.9 14.3.9 18.899 10.4 26.5l102.4 87.199v31.301c0 6.699 5.7 11.3 12.4 11.3h69.3c6.7 0 12.4-4.8 12.4-11.3v-70.2c-.2-3.701-2.1-7.401-4.9-9.5z\"><\/path><\/svg><\/span><\/div>\n\n<\/div>\n\n<div class=\"gb-container gb-container-eae21042\">\n\n<h2 class=\"gb-headline gb-headline-7a3bbc78 gb-headline-text\"><\/h2>\n\n\n\n<h3 class=\"gb-headline gb-headline-f0b8dee5 gb-headline-text\">Ihr bester Reisebegleiter in Valencia: Taxis Gandia.<\/h3>\n\n\n\n<p class=\"gb-headline gb-headline-5d2b2fc9 gb-headline-text translation-block\">Ihre Zufriedenheit ist unsere oberste Priorit\u00e4t. Wir sind bestrebt, Ihre Erwartungen bei jeder Fahrt zu \u00fcbertreffen, und bieten Ihnen einen aufmerksamen und effizienten Service. Wir stellen Ihnen 24-Stunden-Taxi-Dienste in Gand\u00eda zur Verf\u00fcgung, um all Ihre Transportbed\u00fcrfnisse abzudecken. Au\u00dferdem bieten wir Taxis von Gand\u00eda zum Flughafen an, um sicherzustellen, dass Sie Ihr Ziel bequem und p\u00fcnktlich erreichen, oder schnelle Transfers in Playa de Gand\u00eda.<\/p>\n\n\n<p>No hay n\u00fameros de tel\u00e9fono configurados.<\/p>\n\n<\/div>\n<\/div>\n<\/section>\n\n<section class=\"gb-container gb-container-a835e93d\">\n<div class=\"gb-container gb-container-5f0cbc92\">\n<div class=\"gb-container gb-container-68983b86\">\n\n<figure class=\"gb-block-image gb-block-image-6a6a3780\"><img decoding=\"async\" width=\"1008\" height=\"567\" class=\"gb-image gb-image-6a6a3780\" src=\"https:\/\/gandiataxi.com\/wp-content\/uploads\/2024\/10\/aldo-de-pascale-g8ZC3qk_gYY-unsplash-1-1.jpg\" alt=\"taxi gandia playa\" title=\"taxi gandia playa\" srcset=\"https:\/\/gandiataxi.com\/wp-content\/uploads\/2024\/10\/aldo-de-pascale-g8ZC3qk_gYY-unsplash-1-1.jpg 1008w, https:\/\/gandiataxi.com\/wp-content\/uploads\/2024\/10\/aldo-de-pascale-g8ZC3qk_gYY-unsplash-1-1-300x169.jpg 300w, https:\/\/gandiataxi.com\/wp-content\/uploads\/2024\/10\/aldo-de-pascale-g8ZC3qk_gYY-unsplash-1-1-768x432.jpg 768w, https:\/\/gandiataxi.com\/wp-content\/uploads\/2024\/10\/aldo-de-pascale-g8ZC3qk_gYY-unsplash-1-1-18x10.jpg 18w\" sizes=\"(max-width: 1008px) 100vw, 1008px\" \/><\/figure>\n\n\n<div class=\"gb-container gb-container-d03ef9ff\">\n<div class=\"gb-container gb-container-77f95779\">\n\n<div class=\"gb-headline gb-headline-098fec28\"><span class=\"gb-icon\"><svg aria-hidden=\"true\" role=\"img\" height=\"1em\" width=\"1em\" viewbox=\"0 0 496 512\" xmlns=\"http:\/\/www.w3.org\/2000\/svg\"><path fill=\"currentColor\" d=\"M248 8C111 8 0 119 0 256s111 248 248 248 248-111 248-248S385 8 248 8zm0 96c48.6 0 88 39.4 88 88s-39.4 88-88 88-88-39.4-88-88 39.4-88 88-88zm0 344c-58.7 0-111.3-26.6-146.5-68.2 18.8-35.4 55.6-59.8 98.5-59.8 2.4 0 4.8.4 7.1 1.1 13 4.2 26.6 6.9 40.9 6.9 14.3 0 28-2.7 40.9-6.9 2.3-.7 4.7-1.1 7.1-1.1 42.9 0 79.7 24.4 98.5 59.8C359.3 421.4 306.7 448 248 448z\"><\/path><\/svg><\/span><\/div>\n\n\n<div class=\"gb-container gb-container-b7d90fbe\">\n\n<p class=\"gb-headline gb-headline-debe5d76 gb-headline-text\">2.8K<\/p>\n\n\n\n<p class=\"gb-headline gb-headline-785a5a60 gb-headline-text\">Zufriedene Kunden<\/p>\n\n<\/div>\n<\/div>\n<\/div>\n<\/div>\n\n<div class=\"gb-container gb-container-d78d5a9a\">\n\n<h2 class=\"gb-headline gb-headline-c766be8d gb-headline-text\">Warum mit Taxi Gandia buchen?<\/h2>\n\n\n\n<p class=\"gb-headline gb-headline-0c4817b6 gb-headline-text translation-block\">Wir verf\u00fcgen \u00fcber ein Team von Taxis in Gand\u00eda mit umfassender Erfahrung im Transportsektor und sind stolz darauf, unserer Gemeinschaft einen zuverl\u00e4ssigen und hochwertigen Service zu bieten. Wir zeichnen uns durch unser Engagement f\u00fcr die Sicherheit und den Komfort der Fahrg\u00e4ste aus, was uns als den besten 24-Stunden-Taxi-Service in Gand\u00eda auszeichnet.<\/p>\n\n\n<p>No hay n\u00fameros de tel\u00e9fono configurados.<\/p>\n\n<\/div>\n<\/div>\n<\/section>\n\n<section class=\"gb-container gb-container-cead3c2c\">\n<div class=\"gb-container gb-container-805b7613\">\n\n<h2 class=\"gb-headline gb-headline-e86a8e24\"><span class=\"gb-icon\"><svg aria-hidden=\"true\" role=\"img\" height=\"1em\" width=\"1em\" viewbox=\"0 0 256 512\" xmlns=\"http:\/\/www.w3.org\/2000\/svg\"><path fill=\"currentColor\" d=\"M224.3 273l-136 136c-9.4 9.4-24.6 9.4-33.9 0l-22.6-22.6c-9.4-9.4-9.4-24.6 0-33.9l96.4-96.4-96.4-96.4c-9.4-9.4-9.4-24.6 0-33.9L54.3 103c9.4-9.4 24.6-9.4 33.9 0l136 136c9.5 9.4 9.5 24.6.1 34z\"><\/path><\/svg><\/span><span class=\"gb-headline-text\">Warum wir?<\/span><\/h2>\n\n\n\n<h2 class=\"gb-headline gb-headline-cfa308ba gb-headline-text\">Ihre erste Wahl in Valencia<\/h2>\n\n\n<div class=\"gb-container gb-container-dcd93677\">\n<div class=\"gb-container gb-container-7679d4af\">\n\n<figure class=\"gb-block-image gb-block-image-0bb7bf4a\"><img decoding=\"async\" width=\"640\" height=\"960\" class=\"gb-image gb-image-0bb7bf4a\" src=\"https:\/\/gandiataxi.com\/wp-content\/uploads\/2022\/06\/alessio-lin-2n1SciGY5dI-unsplash.jpg\" alt=\"taxi gandia aeropuerto\" title=\"taxi gandia aeropuerto\" srcset=\"https:\/\/gandiataxi.com\/wp-content\/uploads\/2022\/06\/alessio-lin-2n1SciGY5dI-unsplash.jpg 640w, https:\/\/gandiataxi.com\/wp-content\/uploads\/2022\/06\/alessio-lin-2n1SciGY5dI-unsplash-200x300.jpg 200w\" sizes=\"(max-width: 640px) 100vw, 640px\" \/><\/figure>\n\n<\/div>\n\n<div class=\"gb-container gb-container-44368304\">\n\n<p class=\"gb-headline gb-headline-323df45d gb-headline-text\">Wir verf\u00fcgen \u00fcber eine gro\u00dfe Fahrzeugflotte, die Sie bequem an jeden gew\u00fcnschten Ort bringt.<\/p>\n\n\n\n<h3 class=\"gb-headline gb-headline-394fa450 gb-headline-text\">Flughafen \u2013 Renfe \u2013 AVE<\/h3>\n\n\n\n<p>Taxidienst von Gand\u00eda zu Flugh\u00e4fen oder Renfe- und AVE-Bahnh\u00f6fen.<\/p>\n\n\n\n<h3 class=\"gb-headline gb-headline-a150c6e5 gb-headline-text\">Touristisches Taxi<\/h3>\n\n\n\n<p>Um die ber\u00fchmtesten Orte von Gand\u00eda, die Str\u00e4nde von Gand\u00eda und die Umgebung bequem zu besuchen. <\/p>\n\n\n\n<h3 class=\"gb-headline gb-headline-29324851 gb-headline-text\">Angepasstes Taxi<\/h3>\n\n\n\n<p>Wir haben Taxis f\u00fcr alle Transportbed\u00fcrfnisse in Gand\u00eda f\u00fcr diejenigen, die es brauchen.<\/p>\n\n\n\n<h3 class=\"gb-headline gb-headline-4a54bd47 gb-headline-text\">Bezahlen mit Karte<\/h3>\n\n\n\n<p>Um die Bezahlung der Dienstleistung zu erleichtern, verf\u00fcgen wir \u00fcber ein elektronisches Kartenzahlungssystem.<\/p>\n\n\n\n<h3 class=\"gb-headline gb-headline-d1d40c7f gb-headline-text\">Kinderstuhl<\/h3>\n\n\n\n<p>Wir haben Kindersitze, um den Transport so sicher wie m\u00f6glich zu machen.<\/p>\n\n\n\n<h3 class=\"gb-headline gb-headline-c84da276 gb-headline-text\">Premium-Autos<\/h3>\n\n\n\n<p>Wir verf\u00fcgen \u00fcber Fahrzeuge der Spitzenklasse, die Ihnen maximalen Komfort auf Ihrer Reise bieten.<\/p>\n\n<\/div>\n<\/div>\n<\/div>\n<\/section>\n\n<section class=\"gb-container gb-container-6605e894 \/* Ocultar un bloque espec\u00edfico con ID *\/ #id-del-bloque {     display: none; }\">\n<div class=\"gb-container gb-container-9fda2a22\">\n<div class=\"gb-container gb-container-f9cb6b4b\">\n\n<h2 class=\"gb-headline gb-headline-8690ddab gb-headline-text\">Die Preisliste<br><\/h2>\n\n\n\n<p class=\"gb-headline gb-headline-1de136f4 gb-headline-text\">Alle Tarife basieren auf einem regulierten Taxameter. Je nach Strecke wird ein Tarif mit einem Mindestbetrag f\u00fcr die Abholung festgelegt.<\/p>\n\n\n\n<ul class=\"wp-block-list\">\n<li>Gandia-Valencia AVE Diurno \/ Nocturno y festivo <br>112 \/ 130 \u20ac<\/li>\n\n\n\n<li>Gandia-Aeropuerto Alicante Diurno \/ Nocturno y festivo <br>170 \/ 196 \u20ac<\/li>\n\n\n\n<li>Gandia-Valencia Centro Diurno \/ Nocturno y festivo <br>99 \/ 114 \u20ac<\/li>\n\n\n\n<li>Gandia-Denia Diurno \/ Nocturno y festivo <br>47 \/ 54 \u20ac<\/li>\n\n\n\n<li>Gandia-J\u00e1vea Diurno \/ Nocturno y festivo <br>63 \/ 72 \u20ac<\/li>\n\n\n\n<li>Gandia-Benidorm Diurno \/ Nocturno y festivo <br>100 \/ 116 \u20ac<\/li>\n<\/ul>\n\n\n<p>No hay n\u00fameros de tel\u00e9fono configurados.<\/p>\n\n<\/div>\n<\/div>\n<\/section>\n\n<section class=\"gb-container gb-container-6f268728\">\n<div class=\"gb-container gb-container-a4540854\">\n\n<h2 class=\"gb-headline gb-headline-757f3ba7\"><span class=\"gb-icon\"><svg aria-hidden=\"true\" role=\"img\" height=\"1em\" width=\"1em\" viewbox=\"0 0 256 512\" xmlns=\"http:\/\/www.w3.org\/2000\/svg\"><path fill=\"currentColor\" d=\"M224.3 273l-136 136c-9.4 9.4-24.6 9.4-33.9 0l-22.6-22.6c-9.4-9.4-9.4-24.6 0-33.9l96.4-96.4-96.4-96.4c-9.4-9.4-9.4-24.6 0-33.9L54.3 103c9.4-9.4 24.6-9.4 33.9 0l136 136c9.5 9.4 9.5 24.6.1 34z\"><\/path><\/svg><\/span><span class=\"gb-headline-text\">R\u00fcckmeldung<\/span><\/h2>\n\n\n\n<h2 class=\"gb-headline gb-headline-3923d6b7 gb-headline-text\">Was sagen unsere Kunden?<\/h2>\n\n\n<div class=\"gb-grid-wrapper gb-grid-wrapper-3180d6bf\">\n<div class=\"gb-grid-column gb-grid-column-c30a5da6\"><div class=\"gb-container gb-container-c30a5da6 box-shadow\">\n<div class=\"gb-container gb-container-e25efad6\">\n\n<p class=\"gb-headline gb-headline-4b3189f1 gb-headline-text\">Au\u00dfergew\u00f6hnlicher Taxiservice in Valencia. Ich habe Radio Taxi Gandia benutzt und war wirklich beeindruckt. Die Fahrer waren immer p\u00fcnktlich, freundlich und professionell. Die Fahrzeuge waren makellos und sehr bequem, was die Fahrten sehr angenehm machte. Au\u00dferdem waren die Fahrpreise recht erschwinglich. Ich empfehle Radio Taxi Gandia auf jeden Fall jedem, der eine zuverl\u00e4ssige und bequeme Bef\u00f6rderung in der Gegend sucht.<\/p>\n\n\n<div class=\"gb-container gb-container-30faf72f\">\n<div class=\"gb-container gb-container-b77ee11c\">\n<div class=\"wp-block-image is-style-rounded\">\n<figure class=\"aligncenter size-full is-resized\"><img decoding=\"async\" width=\"140\" height=\"100\" src=\"https:\/\/taxiplayablanca-com.preview-domain.com\/wp-content\/uploads\/2024\/04\/matas-katinas-s7p-HY89QOU-unsplash-1-1.jpg\" alt=\"taxi gandia telefono\" class=\"wp-image-1885\" style=\"width:80px;height:80px\" srcset=\"https:\/\/gandiataxi.com\/wp-content\/uploads\/2024\/04\/matas-katinas-s7p-HY89QOU-unsplash-1-1.jpg 140w, https:\/\/gandiataxi.com\/wp-content\/uploads\/2024\/04\/matas-katinas-s7p-HY89QOU-unsplash-1-1-18x12.jpg 18w\" sizes=\"(max-width: 140px) 100vw, 140px\" \/><\/figure><\/div>\n<\/div>\n\n<div class=\"gb-container gb-container-b89704ee\">\n\n<h3 class=\"gb-headline gb-headline-a13a2cfc gb-headline-text\">M\u00f3nica P\u00e9rez<\/h3>\n\n\n\n<p class=\"gb-headline gb-headline-abbcf832 gb-headline-text\">Zufriedener Kunde<\/p>\n\n<\/div>\n<\/div>\n<\/div>\n<\/div><\/div>\n\n<div class=\"gb-grid-column gb-grid-column-01653854\"><div class=\"gb-container gb-container-01653854 box-shadow\">\n<div class=\"gb-container gb-container-0860a136\">\n\n<p class=\"gb-headline gb-headline-82896aa3 gb-headline-text\">Experiencia incre\u00edble con Taxi Gandia. Confi\u00e9 en este servicio de taxi y no podr\u00eda estar m\u00e1s contento. Los conductores fueron sumamente corteses y conocedores de la zona, lo que hizo que cada trayecto fuera seguro y agradable. La puntualidad y la limpieza de los veh\u00edculos fueron sobresalientes. Sin duda, recomendar\u00e9 Taxis Gandia a amigos y familiares que visiten la zona en el futuro. \u00a1Gracias por ofrecer un servicio excepcional!<\/p>\n\n\n<div class=\"gb-container gb-container-9a808642\">\n<div class=\"gb-container gb-container-ce605b3b\">\n<div class=\"wp-block-image is-style-rounded\">\n<figure class=\"aligncenter size-full is-resized\"><img decoding=\"async\" width=\"451\" height=\"387\" src=\"https:\/\/taxivecindario-com.preview-domain.com\/wp-content\/uploads\/2024\/03\/ramiro.png\" alt=\"taxi gandia 24 horas\" class=\"wp-image-1816\" style=\"width:80px;height:80px\" srcset=\"https:\/\/gandiataxi.com\/wp-content\/uploads\/2024\/03\/ramiro.png 451w, https:\/\/gandiataxi.com\/wp-content\/uploads\/2024\/03\/ramiro-300x257.png 300w\" sizes=\"(max-width: 451px) 100vw, 451px\" \/><\/figure><\/div>\n<\/div>\n\n<div class=\"gb-container gb-container-4ef2618f\">\n\n<h3 class=\"gb-headline gb-headline-adf2b2a4 gb-headline-text\">Juan Gonz\u00e1lez<\/h3>\n\n\n\n<p class=\"gb-headline gb-headline-504a8839 gb-headline-text\">Zufriedener Kunde<\/p>\n\n<\/div>\n<\/div>\n<\/div>\n<\/div><\/div>\n<\/div>\n<\/div>\n<\/section>\n\n<section class=\"gb-container gb-container-66da98af\">\n<div class=\"gb-container gb-container-3bb37a83\">\n<div class=\"gb-container gb-container-3186af6c\">\n\n<h3 class=\"gb-headline gb-headline-1f378b5a gb-headline-text\">Wichtiger Hinweis<\/h3>\n\n\n\n<p class=\"gb-headline gb-headline-d8098281 gb-headline-text\"><br>GandiaTaxi.com es una plataforma publicitaria independiente dise\u00f1ada para facilitar el contacto entre usuarios y taxistas locales de Gand\u00eda. Este sitio web no tiene relaci\u00f3n ni est\u00e1 afiliado con ninguna entidad o cooperativa de taxis en la regi\u00f3n. Los servicios publicitados en este sitio son proporcionados por taxistas aut\u00f3nomos, y GandiaTaxi.com act\u00faa \u00fanicamente como un medio informativo.<\/p>\n\n<\/div>\n<\/div>\n<\/section>","protected":false},"excerpt":{"rendered":"<p>radio taxi gandia taxis Gandia.Pide Un taxi ya. Ll\u00e1manos por tel\u00e9fono Conecta directamente con taxistas locales de Gand\u00eda. Plataforma publicitaria independiente, sin intermediarios ni afiliaciones. Si buscas un taxi en Gand\u00eda, contacta con nosotros al tel\u00e9fono que encontrar\u00e1s en nuestra web para un servicio r\u00e1pido y seguro. \u00a1Llama ahora y viaja c\u00f3modamente por la ciudad &#8230; <a title=\"Inicio\" class=\"read-more\" href=\"https:\/\/gandiataxi.com\/de\/\" aria-label=\"Mehr Informationen \u00fcber Inicio\">Weiterlesen &#8230;<\/a><\/p>","protected":false},"author":1,"featured_media":1976,"parent":0,"menu_order":0,"comment_status":"closed","ping_status":"open","template":"","meta":{"footnotes":""},"class_list":["post-1806","page","type-page","status-publish","has-post-thumbnail"],"_links":{"self":[{"href":"https:\/\/gandiataxi.com\/de\/wp-json\/wp\/v2\/pages\/1806","targetHints":{"allow":["GET"]}}],"collection":[{"href":"https:\/\/gandiataxi.com\/de\/wp-json\/wp\/v2\/pages"}],"about":[{"href":"https:\/\/gandiataxi.com\/de\/wp-json\/wp\/v2\/types\/page"}],"author":[{"embeddable":true,"href":"https:\/\/gandiataxi.com\/de\/wp-json\/wp\/v2\/users\/1"}],"replies":[{"embeddable":true,"href":"https:\/\/gandiataxi.com\/de\/wp-json\/wp\/v2\/comments?post=1806"}],"version-history":[{"count":119,"href":"https:\/\/gandiataxi.com\/de\/wp-json\/wp\/v2\/pages\/1806\/revisions"}],"predecessor-version":[{"id":2270,"href":"https:\/\/gandiataxi.com\/de\/wp-json\/wp\/v2\/pages\/1806\/revisions\/2270"}],"wp:featuredmedia":[{"embeddable":true,"href":"https:\/\/gandiataxi.com\/de\/wp-json\/wp\/v2\/media\/1976"}],"wp:attachment":[{"href":"https:\/\/gandiataxi.com\/de\/wp-json\/wp\/v2\/media?parent=1806"}],"curies":[{"name":"wp","href":"https:\/\/api.w.org\/{rel}","templated":true}]}}