{"id":2041,"date":"2024-09-26T22:40:21","date_gmt":"2024-09-26T21:40:21","guid":{"rendered":"https:\/\/gandiataxi.com\/?page_id=2041"},"modified":"2024-10-10T23:07:26","modified_gmt":"2024-10-10T22:07:26","slug":"excursiones-turistica-gandia","status":"publish","type":"page","link":"https:\/\/gandiataxi.com\/de\/excursiones-turistica-gandia\/","title":{"rendered":"Ausfl\u00fcge"},"content":{"rendered":"<h1 class=\"gb-headline gb-headline-d32998d7 gb-headline-text\">Excursiones tur\u00edsticas en Gandia<br><\/h1>\n\n\n\n<p class=\"translation-block\">Realizar <strong>excursiones Gand\u00eda<\/strong> es una de las mejores maneras de descubrir los encantos de la Costa Valenciana. La zona ofrece una gran variedad de experiencias, desde paseos por la famosa Playa de Gand\u00eda hasta visitas a lugares cercanos como Oliva, D\u00e9nia y Cullera. Si te gusta la naturaleza, tambi\u00e9n puedes disfrutar de <strong>excursiones Gand\u00eda<\/strong> hacia el Parque Natural de la Marjal de Pego-Oliva o explorar el rico patrimonio hist\u00f3rico, como el Palacio Ducal de Gand\u00eda.<\/p>\n\n\n\n<p class=\"translation-block\">Ein Taxi f\u00fcr deine Gand\u00eda Ausfl\u00fcge zu w\u00e4hlen, ist eine ausgezeichnete Option. Taxis bieten Komfort und Flexibilit\u00e4t, um von einem Ort zum anderen zu gelangen, ohne sich um Parkpl\u00e4tze oder Fahrpl\u00e4ne \u00f6ffentlicher Verkehrsmittel k\u00fcmmern zu m\u00fcssen. Zudem k\u00f6nnen dir die ortskundigen Fahrer w\u00e4hrend deiner Gand\u00eda Ausfl\u00fcge die besten Routen und Sehensw\u00fcrdigkeiten empfehlen, damit du jede Fahrt optimal nutzen kannst.<\/p>\n\n\n\n<p class=\"translation-block\">Gand\u00eda Ausfl\u00fcge mit dem Taxi bieten dir au\u00dferdem einen T\u00fcr-zu-T\u00fcr-Service, der auf deine Bed\u00fcrfnisse abgestimmt ist, und die M\u00f6glichkeit, an verschiedenen interessanten Orten entlang der Strecke Halt zu machen. So kannst du dich entspannen und die Aussicht genie\u00dfen, w\u00e4hrend ein professioneller Fahrer dich sicher und schnell zu jedem Ziel bringt. Wenn du deine Gand\u00eda Ausfl\u00fcge planst und eine praktische und bequeme Art der Fortbewegung suchst, ist ein Taxi die perfekte Wahl.<\/p>\n\n\n<p>No hay n\u00fameros de tel\u00e9fono configurados.<\/p>","protected":false},"excerpt":{"rendered":"<p>Excursiones tur\u00edsticas en Gandia Realizar excursiones Gand\u00eda es una de las mejores maneras de descubrir los encantos de la Costa Valenciana. La zona ofrece una gran variedad de experiencias, desde paseos por la famosa Playa de Gand\u00eda hasta visitas a lugares cercanos como Oliva, D\u00e9nia y Cullera. Si te gusta la naturaleza, tambi\u00e9n puedes disfrutar &#8230; <a title=\"Ausfl\u00fcge\" class=\"read-more\" href=\"https:\/\/gandiataxi.com\/de\/excursiones-turistica-gandia\/\" aria-label=\"Mehr Informationen \u00fcber Excursiones\">Weiterlesen &#8230;<\/a><\/p>","protected":false},"author":1,"featured_media":0,"parent":0,"menu_order":0,"comment_status":"closed","ping_status":"closed","template":"","meta":{"footnotes":""},"class_list":["post-2041","page","type-page","status-publish"],"_links":{"self":[{"href":"https:\/\/gandiataxi.com\/de\/wp-json\/wp\/v2\/pages\/2041","targetHints":{"allow":["GET"]}}],"collection":[{"href":"https:\/\/gandiataxi.com\/de\/wp-json\/wp\/v2\/pages"}],"about":[{"href":"https:\/\/gandiataxi.com\/de\/wp-json\/wp\/v2\/types\/page"}],"author":[{"embeddable":true,"href":"https:\/\/gandiataxi.com\/de\/wp-json\/wp\/v2\/users\/1"}],"replies":[{"embeddable":true,"href":"https:\/\/gandiataxi.com\/de\/wp-json\/wp\/v2\/comments?post=2041"}],"version-history":[{"count":6,"href":"https:\/\/gandiataxi.com\/de\/wp-json\/wp\/v2\/pages\/2041\/revisions"}],"predecessor-version":[{"id":2234,"href":"https:\/\/gandiataxi.com\/de\/wp-json\/wp\/v2\/pages\/2041\/revisions\/2234"}],"wp:attachment":[{"href":"https:\/\/gandiataxi.com\/de\/wp-json\/wp\/v2\/media?parent=2041"}],"curies":[{"name":"wp","href":"https:\/\/api.w.org\/{rel}","templated":true}]}}