{"id":2170,"date":"2024-10-09T14:05:21","date_gmt":"2024-10-09T13:05:21","guid":{"rendered":"https:\/\/gandiataxi.com\/?page_id=2170"},"modified":"2024-10-27T12:47:39","modified_gmt":"2024-10-27T12:47:39","slug":"taxi-gandia-aeropuerto-alicante","status":"publish","type":"page","link":"https:\/\/gandiataxi.com\/de\/taxi-gandia-aeropuerto-alicante\/","title":{"rendered":"Taxi von Gand\u00eda zum Flughafen Alicante"},"content":{"rendered":"<h3 class=\"wp-block-heading\">Transfers von Gand\u00eda zum Flughafen Alicante: Taxi-Service<\/h3>\n\n\n\n<p>Te ofrecemos <strong>traslados en taxi desde Gand\u00eda a Aeropuerto de Alicante<\/strong>. Reserva tu taxi de forma sencilla a trav\u00e9s de nuestra web y disfruta de un viaje seguro y c\u00f3modo. \u00a1A tan solo unos clics, podr\u00e1s asegurar tu traslado con total tranquilidad! <strong>GandiaTaxi.com<\/strong> es el servicio de taxi confiable para llegar al <strong>Aeropuerto de <\/strong>Alicante a tiempo y sin complicaciones.<\/p>\n\n\n\n<p>Unsere Fahrer, mit langj\u00e4hriger Erfahrung, stehen bereit, um Ihnen mit Ihrem Gep\u00e4ck zu helfen und sicherzustellen, dass Ihr Transfer so angenehm wie m\u00f6glich verl\u00e4uft. Egal, ob Sie allein oder in Begleitung reisen, unser Taxiservice passt sich Ihren Bed\u00fcrfnissen an, damit Sie ohne Stress und mit ausreichend Zeit am Flughafen ankommen.<\/p>\n\n\n<p>No hay n\u00fameros de tel\u00e9fono configurados.<\/p>\n\n\n\n<h3 class=\"wp-block-heading\"><br>Tarife f\u00fcr den Transfer von Gand\u00eda zum Flughafen Alicante<\/h3>\n\n\n\n<p class=\"translation-block\">Der Preis f\u00fcr ein Taxi von Gand\u00eda zum Flughafen Alicante betr\u00e4gt 170 Euro (inkl. MwSt.) tags\u00fcber und 196 Euro (inkl. MwSt.) nachts. Wir garantieren einen transparenten und wettbewerbsf\u00e4higen Tarif, damit Sie ohne \u00dcberraschungen reisen. Wenn Sie bei uns buchen, k\u00f6nnen Sie sicher sein, den Preis f\u00fcr Ihren Transfer von Anfang an zu kennen.<\/p>\n\n\n\n<h3 class=\"wp-block-heading\">\u00bfPor qu\u00e9 Elegir Gandia Taxi para tu Traslado?<\/h3>\n\n\n\n<ul class=\"wp-block-list\">\n<li class=\"translation-block\">Schnelle und einfache Buchung: Buchen Sie online und vergessen Sie alle Komplikationen.<\/li>\n\n\n\n<li class=\"translation-block\">Fahrer zu Ihrer Verf\u00fcgung: Fahren Sie mit Profis, die die beste Route kennen, um Sie effizient zum Flughafen zu bringen.<\/li>\n\n\n\n<li class=\"translation-block\">Sichere und komfortable Fahrt: Unsere Fahrzeuge sind so ausgestattet, dass Ihre Erfahrung so angenehm wie m\u00f6glich ist.<\/li>\n<\/ul>\n\n\n\n<h3 class=\"wp-block-heading\">Buchen Sie Ihr Taxi zum Flughafen Alicante schnell und sicher<\/h3>\n\n\n\n<p>Sabemos que para ti es importante llegar a tiempo al <strong>Aeropuerto de <\/strong>Alicante y aprovechar cada minuto de tu viaje. Por eso, en GandiaTaxi.com nos comprometemos a ofrecerte un servicio de taxi que se adapta a tus horarios y te permite disfrutar de un trayecto seguro desde <strong>Gand\u00eda hasta el Aeropuerto de Alicante<\/strong>.<\/p>\n\n\n\n<p class=\"translation-block\">Z\u00f6gern Sie nicht l\u00e4nger! Buchen Sie jetzt Ihr Taxi auf gandiataxi.com und stellen Sie sicher, dass Sie ohne Sorgen zum Flughafen gelangen. Reisen Sie bequem und ohne Verz\u00f6gerungen, mit der Sicherheit, dass ein professioneller Fahrer auf Sie wartet, um Sie zu Ihrem Ziel zu bringen.<\/p>\n\n\n<p>No hay n\u00fameros de tel\u00e9fono configurados.<\/p>","protected":false},"excerpt":{"rendered":"<p>Traslados desde Gand\u00eda al Aeropuerto de Alicante: Servicio de Taxi Te ofrecemos traslados en taxi desde Gand\u00eda a Aeropuerto de Alicante. Reserva tu taxi de forma sencilla a trav\u00e9s de nuestra web y disfruta de un viaje seguro y c\u00f3modo. \u00a1A tan solo unos clics, podr\u00e1s asegurar tu traslado con total tranquilidad! GandiaTaxi.com es el &#8230; <a title=\"Taxi von Gand\u00eda zum Flughafen Alicante\" class=\"read-more\" href=\"https:\/\/gandiataxi.com\/de\/taxi-gandia-aeropuerto-alicante\/\" aria-label=\"Mehr Informationen \u00fcber Taxi de Gandia a Aeropuerto de Alicante\">Weiterlesen &#8230;<\/a><\/p>","protected":false},"author":1,"featured_media":2174,"parent":0,"menu_order":0,"comment_status":"closed","ping_status":"closed","template":"","meta":{"footnotes":""},"class_list":["post-2170","page","type-page","status-publish","has-post-thumbnail"],"_links":{"self":[{"href":"https:\/\/gandiataxi.com\/de\/wp-json\/wp\/v2\/pages\/2170","targetHints":{"allow":["GET"]}}],"collection":[{"href":"https:\/\/gandiataxi.com\/de\/wp-json\/wp\/v2\/pages"}],"about":[{"href":"https:\/\/gandiataxi.com\/de\/wp-json\/wp\/v2\/types\/page"}],"author":[{"embeddable":true,"href":"https:\/\/gandiataxi.com\/de\/wp-json\/wp\/v2\/users\/1"}],"replies":[{"embeddable":true,"href":"https:\/\/gandiataxi.com\/de\/wp-json\/wp\/v2\/comments?post=2170"}],"version-history":[{"count":5,"href":"https:\/\/gandiataxi.com\/de\/wp-json\/wp\/v2\/pages\/2170\/revisions"}],"predecessor-version":[{"id":2268,"href":"https:\/\/gandiataxi.com\/de\/wp-json\/wp\/v2\/pages\/2170\/revisions\/2268"}],"wp:featuredmedia":[{"embeddable":true,"href":"https:\/\/gandiataxi.com\/de\/wp-json\/wp\/v2\/media\/2174"}],"wp:attachment":[{"href":"https:\/\/gandiataxi.com\/de\/wp-json\/wp\/v2\/media?parent=2170"}],"curies":[{"name":"wp","href":"https:\/\/api.w.org\/{rel}","templated":true}]}}