{"id":2189,"date":"2024-10-09T17:04:26","date_gmt":"2024-10-09T16:04:26","guid":{"rendered":"https:\/\/gandiataxi.com\/?page_id=2189"},"modified":"2024-10-10T23:09:10","modified_gmt":"2024-10-10T22:09:10","slug":"cuanto-cuesta-un-taxi-de-gandia-a-denia","status":"publish","type":"page","link":"https:\/\/gandiataxi.com\/de\/cuanto-cuesta-un-taxi-de-gandia-a-denia\/","title":{"rendered":"Wie viel kostet ein Taxi von Gand\u00eda nach Denia?"},"content":{"rendered":"<p>Ein Taxitransfer von Gand\u00eda nach D\u00e9nia ist eine bequeme und schnelle M\u00f6glichkeit, um zwischen den beiden Orten der Valencianischen Gemeinschaft zu pendeln. Die Entfernung zwischen Gand\u00eda und D\u00e9nia betr\u00e4gt etwa 35 Kilometer, was einer Fahrzeit von 30 bis 40 Minuten entspricht, je nach Verkehr und Stra\u00dfenverh\u00e4ltnissen.<\/p>\n\n\n\n<p>Diese Art von Service ist ideal f\u00fcr diejenigen, die Komfort und Schnelligkeit suchen, sei es aus beruflichen oder privaten Gr\u00fcnden. Wenn Sie sich f\u00fcr ein Taxi entscheiden, k\u00f6nnen Sie direkt vom Ort Ihrer Wahl in Gand\u00eda zu Ihrem Ziel in D\u00e9nia fahren, ohne Zwischenstopps, und Sie genie\u00dfen eine individuelle Fahrt.<br><\/p>\n\n\n<p>No hay n\u00fameros de tel\u00e9fono configurados.<\/p>","protected":false},"excerpt":{"rendered":"<p>Un traslado en taxi desde Gand\u00eda a D\u00e9nia es una opci\u00f3n c\u00f3moda y r\u00e1pida para moverse entre ambas localidades de la Comunidad Valenciana. La distancia entre Gand\u00eda y D\u00e9nia es de aproximadamente 35 kil\u00f3metros, lo que se traduce en un tiempo de viaje de unos 30 a 40 minutos, dependiendo del tr\u00e1fico y las condiciones &#8230; <a title=\"Wie viel kostet ein Taxi von Gand\u00eda nach Denia?\" class=\"read-more\" href=\"https:\/\/gandiataxi.com\/de\/cuanto-cuesta-un-taxi-de-gandia-a-denia\/\" aria-label=\"Mehr Informationen \u00fcber \u00bfCu\u00e1nto cuesta un taxi de Gand\u00eda a Denia?\">Weiterlesen &#8230;<\/a><\/p>","protected":false},"author":1,"featured_media":2209,"parent":0,"menu_order":0,"comment_status":"closed","ping_status":"closed","template":"","meta":{"footnotes":""},"class_list":["post-2189","page","type-page","status-publish","has-post-thumbnail"],"_links":{"self":[{"href":"https:\/\/gandiataxi.com\/de\/wp-json\/wp\/v2\/pages\/2189","targetHints":{"allow":["GET"]}}],"collection":[{"href":"https:\/\/gandiataxi.com\/de\/wp-json\/wp\/v2\/pages"}],"about":[{"href":"https:\/\/gandiataxi.com\/de\/wp-json\/wp\/v2\/types\/page"}],"author":[{"embeddable":true,"href":"https:\/\/gandiataxi.com\/de\/wp-json\/wp\/v2\/users\/1"}],"replies":[{"embeddable":true,"href":"https:\/\/gandiataxi.com\/de\/wp-json\/wp\/v2\/comments?post=2189"}],"version-history":[{"count":2,"href":"https:\/\/gandiataxi.com\/de\/wp-json\/wp\/v2\/pages\/2189\/revisions"}],"predecessor-version":[{"id":2191,"href":"https:\/\/gandiataxi.com\/de\/wp-json\/wp\/v2\/pages\/2189\/revisions\/2191"}],"wp:featuredmedia":[{"embeddable":true,"href":"https:\/\/gandiataxi.com\/de\/wp-json\/wp\/v2\/media\/2209"}],"wp:attachment":[{"href":"https:\/\/gandiataxi.com\/de\/wp-json\/wp\/v2\/media?parent=2189"}],"curies":[{"name":"wp","href":"https:\/\/api.w.org\/{rel}","templated":true}]}}