{"id":2192,"date":"2024-10-09T17:07:38","date_gmt":"2024-10-09T16:07:38","guid":{"rendered":"https:\/\/gandiataxi.com\/?page_id=2192"},"modified":"2024-10-09T17:09:32","modified_gmt":"2024-10-09T16:09:32","slug":"taxi-de-gandia-al-aeropuerto-de-valencia","status":"publish","type":"page","link":"https:\/\/gandiataxi.com\/de\/taxi-de-gandia-al-aeropuerto-de-valencia\/","title":{"rendered":"Wie viel kostet ein Taxi von Gand\u00eda zum Flughafen Valencia?"},"content":{"rendered":"<p>Die ungef\u00e4hren Kosten f\u00fcr ein Taxi von Gandia zum Flughafen Valencia h\u00e4ngen von verschiedenen Faktoren ab, wie z. B. der Tageszeit (Tag oder Nacht), Feiertagen und eventuellen Zuschl\u00e4gen f\u00fcr Gep\u00e4ck oder Zusatzleistungen. Um jedoch eine ungef\u00e4hre Vorstellung zu bekommen:<\/p>\n\n\n\n<ul class=\"wp-block-list\">\n<li class=\"translation-block\">Gesch\u00e4tzter Preis: Die Preisspanne liegt in der Regel zwischen 90 \u20ac und 120 \u20ac.<\/li>\n\n\n\n<li class=\"translation-block\">Entfernung: Die Entfernung zwischen Gand\u00eda und dem Flughafen Valencia betr\u00e4gt etwa 75 km.<\/li>\n\n\n\n<li class=\"translation-block\">Fahrtdauer: Die Fahrzeit betr\u00e4gt in der Regel 50 Minuten bis 1 Stunde, je nach Verkehr.<\/li>\n<\/ul>\n\n\n\n<p>Dieser Preis ist ein Richtwert und kann variieren. Verf\u00fcgbarkeit und Preis pr\u00fcfen.<\/p>\n\n\n<p>No hay n\u00fameros de tel\u00e9fono configurados.<\/p>","protected":false},"excerpt":{"rendered":"<p>El costo aproximado de un taxi desde Gand\u00eda al Aeropuerto de Valencia var\u00eda dependiendo de varios factores, como la hora del d\u00eda (diurna o nocturna), d\u00edas festivos, y posibles recargos por equipaje o servicios adicionales. Sin embargo, para tener una idea aproximada: Este precio es un aproximado y podr\u00eda variar. Consulta disponiblidad y precio.<\/p>","protected":false},"author":1,"featured_media":0,"parent":0,"menu_order":0,"comment_status":"closed","ping_status":"closed","template":"","meta":{"footnotes":""},"class_list":["post-2192","page","type-page","status-publish"],"_links":{"self":[{"href":"https:\/\/gandiataxi.com\/de\/wp-json\/wp\/v2\/pages\/2192","targetHints":{"allow":["GET"]}}],"collection":[{"href":"https:\/\/gandiataxi.com\/de\/wp-json\/wp\/v2\/pages"}],"about":[{"href":"https:\/\/gandiataxi.com\/de\/wp-json\/wp\/v2\/types\/page"}],"author":[{"embeddable":true,"href":"https:\/\/gandiataxi.com\/de\/wp-json\/wp\/v2\/users\/1"}],"replies":[{"embeddable":true,"href":"https:\/\/gandiataxi.com\/de\/wp-json\/wp\/v2\/comments?post=2192"}],"version-history":[{"count":1,"href":"https:\/\/gandiataxi.com\/de\/wp-json\/wp\/v2\/pages\/2192\/revisions"}],"predecessor-version":[{"id":2193,"href":"https:\/\/gandiataxi.com\/de\/wp-json\/wp\/v2\/pages\/2192\/revisions\/2193"}],"wp:attachment":[{"href":"https:\/\/gandiataxi.com\/de\/wp-json\/wp\/v2\/media?parent=2192"}],"curies":[{"name":"wp","href":"https:\/\/api.w.org\/{rel}","templated":true}]}}