{"id":2195,"date":"2024-10-10T17:11:22","date_gmt":"2024-10-10T16:11:22","guid":{"rendered":"https:\/\/gandiataxi.com\/?page_id=2195"},"modified":"2024-10-10T23:05:43","modified_gmt":"2024-10-10T22:05:43","slug":"taxi-gandia-javea","status":"publish","type":"page","link":"https:\/\/gandiataxi.com\/de\/taxi-gandia-javea\/","title":{"rendered":"\u00bfCu\u00e1nto cuesta un taxi de Gand\u00eda a J\u00e1vea?"},"content":{"rendered":"<p>Die ungef\u00e4hren Taxipreise von Gandia nach Javea h\u00e4ngen im Allgemeinen von Faktoren wie der Reisezeit (Tag oder Nacht), Feiertagen und anderen zus\u00e4tzlichen Kosten ab. Um eine allgemeine Vorstellung zu bekommen:<\/p>\n\n\n\n<ul class=\"wp-block-list\">\n<li class=\"translation-block\">Gesch\u00e4tzter Preis: Der Preis liegt in der Regel zwischen 65 \u20ac und 85 \u20ac.<\/li>\n\n\n\n<li class=\"translation-block\">Entfernung: Die Entfernung zwischen Gand\u00eda und J\u00e1vea betr\u00e4gt etwa 55 km.<\/li>\n\n\n\n<li class=\"translation-block\">Dauer der Fahrt: Die Fahrzeit betr\u00e4gt in der Regel etwa 50 Minuten bis 1 Stunde, je nach Verkehr und Stra\u00dfenbedingungen.<\/li>\n<\/ul>\n\n\n\n<p>Dieser Preis ist eine Sch\u00e4tzung und kann variieren. Rufen Sie an und erkundigen Sie sich nach Verf\u00fcgbarkeit und Preis.<\/p>\n\n\n<p>No hay n\u00fameros de tel\u00e9fono configurados.<\/p>","protected":false},"excerpt":{"rendered":"<p>El costo aproximado de un taxi desde Gand\u00eda a J\u00e1vea suele depender de factores como la hora del viaje (diurna o nocturna), los d\u00edas festivos y otros recargos adicionales. Para tener una idea general: Este precio es una estimaci\u00f3n y podr\u00eda variar. Llama y consulta disponiblidad y precio.<\/p>","protected":false},"author":1,"featured_media":0,"parent":0,"menu_order":0,"comment_status":"closed","ping_status":"closed","template":"","meta":{"footnotes":""},"class_list":["post-2195","page","type-page","status-publish"],"_links":{"self":[{"href":"https:\/\/gandiataxi.com\/de\/wp-json\/wp\/v2\/pages\/2195","targetHints":{"allow":["GET"]}}],"collection":[{"href":"https:\/\/gandiataxi.com\/de\/wp-json\/wp\/v2\/pages"}],"about":[{"href":"https:\/\/gandiataxi.com\/de\/wp-json\/wp\/v2\/types\/page"}],"author":[{"embeddable":true,"href":"https:\/\/gandiataxi.com\/de\/wp-json\/wp\/v2\/users\/1"}],"replies":[{"embeddable":true,"href":"https:\/\/gandiataxi.com\/de\/wp-json\/wp\/v2\/comments?post=2195"}],"version-history":[{"count":1,"href":"https:\/\/gandiataxi.com\/de\/wp-json\/wp\/v2\/pages\/2195\/revisions"}],"predecessor-version":[{"id":2196,"href":"https:\/\/gandiataxi.com\/de\/wp-json\/wp\/v2\/pages\/2195\/revisions\/2196"}],"wp:attachment":[{"href":"https:\/\/gandiataxi.com\/de\/wp-json\/wp\/v2\/media?parent=2195"}],"curies":[{"name":"wp","href":"https:\/\/api.w.org\/{rel}","templated":true}]}}