{"id":2199,"date":"2024-10-13T09:14:00","date_gmt":"2024-10-13T08:14:00","guid":{"rendered":"https:\/\/gandiataxi.com\/?page_id=2199"},"modified":"2024-10-09T17:16:01","modified_gmt":"2024-10-09T16:16:01","slug":"taxi-de-gandia-a-cullera","status":"publish","type":"page","link":"https:\/\/gandiataxi.com\/de\/taxi-de-gandia-a-cullera\/","title":{"rendered":"\u00bfCu\u00e1nto cuesta un taxi de Gandia a Cullera?"},"content":{"rendered":"<h6 class=\"wp-block-heading\"><\/h6>\n\n\n\n<p>El costo aproximado de un taxi desde Gand\u00eda a Cullera puede variar seg\u00fan el momento del d\u00eda (diurno o nocturno), d\u00edas festivos y posibles recargos adicionales. Sin embargo, para tener una idea general:<\/p>\n\n\n\n<ul class=\"wp-block-list\">\n<li><strong>Precio estimado<\/strong>: El rango de precios suele estar entre <strong>35\u20ac y 50\u20ac<\/strong>.<\/li>\n\n\n\n<li><strong>Distancia<\/strong>: La distancia entre Gand\u00eda y Cullera es de aproximadamente <strong>25 km<\/strong>.<\/li>\n\n\n\n<li><strong>Duraci\u00f3n del trayecto<\/strong>: El tiempo de viaje suele ser de unos <strong>25 a 30 minutos<\/strong>, dependiendo del tr\u00e1fico y las condiciones de la carretera.<\/li>\n<\/ul>\n\n\n\n<p>Esta estimaci\u00f3n puede variar seg\u00fan la compa\u00f1\u00eda de taxis y las tarifas vigentes. Llama y consulta disponiblidad.<\/p>\n\n\n<p>No hay n\u00fameros de tel\u00e9fono configurados.<\/p>","protected":false},"excerpt":{"rendered":"<p>El costo aproximado de un taxi desde Gand\u00eda a Cullera puede variar seg\u00fan el momento del d\u00eda (diurno o nocturno), d\u00edas festivos y posibles recargos adicionales. Sin embargo, para tener una idea general: Esta estimaci\u00f3n puede variar seg\u00fan la compa\u00f1\u00eda de taxis y las tarifas vigentes. Llama y consulta disponiblidad.<\/p>","protected":false},"author":1,"featured_media":0,"parent":0,"menu_order":0,"comment_status":"closed","ping_status":"closed","template":"","meta":{"footnotes":""},"class_list":["post-2199","page","type-page","status-publish"],"_links":{"self":[{"href":"https:\/\/gandiataxi.com\/de\/wp-json\/wp\/v2\/pages\/2199","targetHints":{"allow":["GET"]}}],"collection":[{"href":"https:\/\/gandiataxi.com\/de\/wp-json\/wp\/v2\/pages"}],"about":[{"href":"https:\/\/gandiataxi.com\/de\/wp-json\/wp\/v2\/types\/page"}],"author":[{"embeddable":true,"href":"https:\/\/gandiataxi.com\/de\/wp-json\/wp\/v2\/users\/1"}],"replies":[{"embeddable":true,"href":"https:\/\/gandiataxi.com\/de\/wp-json\/wp\/v2\/comments?post=2199"}],"version-history":[{"count":1,"href":"https:\/\/gandiataxi.com\/de\/wp-json\/wp\/v2\/pages\/2199\/revisions"}],"predecessor-version":[{"id":2200,"href":"https:\/\/gandiataxi.com\/de\/wp-json\/wp\/v2\/pages\/2199\/revisions\/2200"}],"wp:attachment":[{"href":"https:\/\/gandiataxi.com\/de\/wp-json\/wp\/v2\/media?parent=2199"}],"curies":[{"name":"wp","href":"https:\/\/api.w.org\/{rel}","templated":true}]}}