{"id":2201,"date":"2024-10-14T11:00:00","date_gmt":"2024-10-14T10:00:00","guid":{"rendered":"https:\/\/gandiataxi.com\/?page_id=2201"},"modified":"2024-10-09T17:19:37","modified_gmt":"2024-10-09T16:19:37","slug":"taxo-de-gandia-a-miramar","status":"publish","type":"page","link":"https:\/\/gandiataxi.com\/de\/taxo-de-gandia-a-miramar\/","title":{"rendered":"\u00bfCu\u00e1nto cuesta un taxi de Gand\u00eda a Miramar?"},"content":{"rendered":"<p>El costo aproximado de un taxi desde Gand\u00eda a Miramar puede variar seg\u00fan la hora del d\u00eda, posibles recargos y la tarifa de la empresa de taxis. Para tener una idea general:<\/p>\n\n\n\n<ul class=\"wp-block-list\">\n<li><strong>Precio estimado<\/strong>: El rango de precios suele estar entre <strong>10\u20ac y 15\u20ac<\/strong>.<\/li>\n\n\n\n<li><strong>Distancia<\/strong>: La distancia entre Gand\u00eda y Miramar es de aproximadamente <strong>6 km<\/strong>.<\/li>\n\n\n\n<li><strong>Duraci\u00f3n del trayecto<\/strong>: El tiempo de viaje suele ser de unos <strong>10 minutos<\/strong>, dependiendo del tr\u00e1fico y las condiciones de la carretera.<\/li>\n<\/ul>\n\n\n\n<p>Este precio es una estimaci\u00f3n y puede variar seg\u00fan las circunstancias. Llama y consulta disponibilidad:<\/p>\n\n\n<p>No hay n\u00fameros de tel\u00e9fono configurados.<\/p>","protected":false},"excerpt":{"rendered":"<p>El costo aproximado de un taxi desde Gand\u00eda a Miramar puede variar seg\u00fan la hora del d\u00eda, posibles recargos y la tarifa de la empresa de taxis. Para tener una idea general: Este precio es una estimaci\u00f3n y puede variar seg\u00fan las circunstancias. Llama y consulta disponibilidad:<\/p>","protected":false},"author":1,"featured_media":0,"parent":0,"menu_order":0,"comment_status":"closed","ping_status":"closed","template":"","meta":{"footnotes":""},"class_list":["post-2201","page","type-page","status-publish"],"_links":{"self":[{"href":"https:\/\/gandiataxi.com\/de\/wp-json\/wp\/v2\/pages\/2201","targetHints":{"allow":["GET"]}}],"collection":[{"href":"https:\/\/gandiataxi.com\/de\/wp-json\/wp\/v2\/pages"}],"about":[{"href":"https:\/\/gandiataxi.com\/de\/wp-json\/wp\/v2\/types\/page"}],"author":[{"embeddable":true,"href":"https:\/\/gandiataxi.com\/de\/wp-json\/wp\/v2\/users\/1"}],"replies":[{"embeddable":true,"href":"https:\/\/gandiataxi.com\/de\/wp-json\/wp\/v2\/comments?post=2201"}],"version-history":[{"count":1,"href":"https:\/\/gandiataxi.com\/de\/wp-json\/wp\/v2\/pages\/2201\/revisions"}],"predecessor-version":[{"id":2202,"href":"https:\/\/gandiataxi.com\/de\/wp-json\/wp\/v2\/pages\/2201\/revisions\/2202"}],"wp:attachment":[{"href":"https:\/\/gandiataxi.com\/de\/wp-json\/wp\/v2\/media?parent=2201"}],"curies":[{"name":"wp","href":"https:\/\/api.w.org\/{rel}","templated":true}]}}