{"id":2203,"date":"2024-10-16T17:20:14","date_gmt":"2024-10-16T16:20:14","guid":{"rendered":"https:\/\/gandiataxi.com\/?page_id=2203"},"modified":"2024-10-09T17:21:25","modified_gmt":"2024-10-09T16:21:25","slug":"ir-gandia-a-valencia","status":"publish","type":"page","link":"https:\/\/gandiataxi.com\/de\/ir-gandia-a-valencia\/","title":{"rendered":"\u00bfCu\u00e1nto cuesta ir de Gand\u00eda a Valencia?"},"content":{"rendered":"<p>El costo aproximado de un taxi desde Gand\u00eda a Valencia puede variar seg\u00fan la hora del d\u00eda (diurna o nocturna), los d\u00edas festivos, y otros recargos como el equipaje. Sin embargo, para tener una idea general:<\/p>\n\n\n\n<ul class=\"wp-block-list\">\n<li class=\"translation-block\">Gesch\u00e4tzter Preis: Die Preisspanne liegt in der Regel zwischen 90 \u20ac und 120 \u20ac.<\/li>\n\n\n\n<li><strong>Distancia<\/strong>: La distancia entre Gand\u00eda y Valencia es de aproximadamente <strong>70-75 km<\/strong>.<\/li>\n\n\n\n<li><strong>Duraci\u00f3n del trayecto<\/strong>: El tiempo de viaje suele ser de alrededor de <strong>50 minutos a 1 hora<\/strong>, dependiendo del tr\u00e1fico y las condiciones de la carretera.<\/li>\n<\/ul>\n\n\n\n<p>Estos precios son una estimaci\u00f3n y podr\u00eda variar. Ll\u00e1manos y consulta disponibilidad.<\/p>\n\n\n<p>No hay n\u00fameros de tel\u00e9fono configurados.<\/p>","protected":false},"excerpt":{"rendered":"<p>El costo aproximado de un taxi desde Gand\u00eda a Valencia puede variar seg\u00fan la hora del d\u00eda (diurna o nocturna), los d\u00edas festivos, y otros recargos como el equipaje. Sin embargo, para tener una idea general: Estos precios son una estimaci\u00f3n y podr\u00eda variar. Ll\u00e1manos y consulta disponibilidad.<\/p>","protected":false},"author":1,"featured_media":0,"parent":0,"menu_order":0,"comment_status":"closed","ping_status":"closed","template":"","meta":{"footnotes":""},"class_list":["post-2203","page","type-page","status-publish"],"_links":{"self":[{"href":"https:\/\/gandiataxi.com\/de\/wp-json\/wp\/v2\/pages\/2203","targetHints":{"allow":["GET"]}}],"collection":[{"href":"https:\/\/gandiataxi.com\/de\/wp-json\/wp\/v2\/pages"}],"about":[{"href":"https:\/\/gandiataxi.com\/de\/wp-json\/wp\/v2\/types\/page"}],"author":[{"embeddable":true,"href":"https:\/\/gandiataxi.com\/de\/wp-json\/wp\/v2\/users\/1"}],"replies":[{"embeddable":true,"href":"https:\/\/gandiataxi.com\/de\/wp-json\/wp\/v2\/comments?post=2203"}],"version-history":[{"count":1,"href":"https:\/\/gandiataxi.com\/de\/wp-json\/wp\/v2\/pages\/2203\/revisions"}],"predecessor-version":[{"id":2204,"href":"https:\/\/gandiataxi.com\/de\/wp-json\/wp\/v2\/pages\/2203\/revisions\/2204"}],"wp:attachment":[{"href":"https:\/\/gandiataxi.com\/de\/wp-json\/wp\/v2\/media?parent=2203"}],"curies":[{"name":"wp","href":"https:\/\/api.w.org\/{rel}","templated":true}]}}