{"id":2189,"date":"2024-10-09T17:04:26","date_gmt":"2024-10-09T16:04:26","guid":{"rendered":"https:\/\/gandiataxi.com\/?page_id=2189"},"modified":"2024-10-10T23:09:10","modified_gmt":"2024-10-10T22:09:10","slug":"cuanto-cuesta-un-taxi-de-gandia-a-denia","status":"publish","type":"page","link":"https:\/\/gandiataxi.com\/en\/cuanto-cuesta-un-taxi-de-gandia-a-denia\/","title":{"rendered":"How much does a taxi from Gand\u00eda to Denia cost?"},"content":{"rendered":"<p>A taxi transfer from Gand\u00eda to D\u00e9nia is a comfortable and quick option to move between both localities of the Valencian Community. The distance between Gand\u00eda and D\u00e9nia is approximately 35 kilometres, which translates into a journey time of 30 to 40 minutes, depending on traffic and road conditions.<\/p>\n\n\n\n<p>This type of service is ideal for those who are looking for comfort and speed, whether for leisure or work reasons. Moreover, by choosing a taxi, you can travel directly from the place of your choice in Gand\u00eda to your destination in D\u00e9nia, without intermediate stops and enjoying a personalised journey.<br><\/p>\n\n\n<p>No hay n\u00fameros de tel\u00e9fono configurados.<\/p>","protected":false},"excerpt":{"rendered":"<p>Un traslado en taxi desde Gand\u00eda a D\u00e9nia es una opci\u00f3n c\u00f3moda y r\u00e1pida para moverse entre ambas localidades de la Comunidad Valenciana. La distancia entre Gand\u00eda y D\u00e9nia es de aproximadamente 35 kil\u00f3metros, lo que se traduce en un tiempo de viaje de unos 30 a 40 minutos, dependiendo del tr\u00e1fico y las condiciones &#8230; <a title=\"How much does a taxi from Gand\u00eda to Denia cost?\" class=\"read-more\" href=\"https:\/\/gandiataxi.com\/en\/cuanto-cuesta-un-taxi-de-gandia-a-denia\/\" aria-label=\"Read more about \u00bfCu\u00e1nto cuesta un taxi de Gand\u00eda a Denia?\">Read more<\/a><\/p>","protected":false},"author":1,"featured_media":2209,"parent":0,"menu_order":0,"comment_status":"closed","ping_status":"closed","template":"","meta":{"footnotes":""},"class_list":["post-2189","page","type-page","status-publish","has-post-thumbnail"],"_links":{"self":[{"href":"https:\/\/gandiataxi.com\/en\/wp-json\/wp\/v2\/pages\/2189","targetHints":{"allow":["GET"]}}],"collection":[{"href":"https:\/\/gandiataxi.com\/en\/wp-json\/wp\/v2\/pages"}],"about":[{"href":"https:\/\/gandiataxi.com\/en\/wp-json\/wp\/v2\/types\/page"}],"author":[{"embeddable":true,"href":"https:\/\/gandiataxi.com\/en\/wp-json\/wp\/v2\/users\/1"}],"replies":[{"embeddable":true,"href":"https:\/\/gandiataxi.com\/en\/wp-json\/wp\/v2\/comments?post=2189"}],"version-history":[{"count":2,"href":"https:\/\/gandiataxi.com\/en\/wp-json\/wp\/v2\/pages\/2189\/revisions"}],"predecessor-version":[{"id":2191,"href":"https:\/\/gandiataxi.com\/en\/wp-json\/wp\/v2\/pages\/2189\/revisions\/2191"}],"wp:featuredmedia":[{"embeddable":true,"href":"https:\/\/gandiataxi.com\/en\/wp-json\/wp\/v2\/media\/2209"}],"wp:attachment":[{"href":"https:\/\/gandiataxi.com\/en\/wp-json\/wp\/v2\/media?parent=2189"}],"curies":[{"name":"wp","href":"https:\/\/api.w.org\/{rel}","templated":true}]}}