{"id":2192,"date":"2024-10-09T17:07:38","date_gmt":"2024-10-09T16:07:38","guid":{"rendered":"https:\/\/gandiataxi.com\/?page_id=2192"},"modified":"2024-10-09T17:09:32","modified_gmt":"2024-10-09T16:09:32","slug":"taxi-de-gandia-al-aeropuerto-de-valencia","status":"publish","type":"page","link":"https:\/\/gandiataxi.com\/en\/taxi-de-gandia-al-aeropuerto-de-valencia\/","title":{"rendered":"How much does a taxi from Gand\u00eda to Valencia airport cost?"},"content":{"rendered":"<p>The approximate cost of a taxi from Gandia to Valencia Airport varies depending on several factors, such as time of day (day or night), public holidays, and possible surcharges for luggage or additional services. However, to get a rough idea:<\/p>\n\n\n\n<ul class=\"wp-block-list\">\n<li class=\"translation-block\">Estimated price: The price range is usually between \u20ac90 and \u20ac120.<\/li>\n\n\n\n<li class=\"translation-block\">Distance: The distance between Gand\u00eda and Valencia Airport is about 75 km.<\/li>\n\n\n\n<li class=\"translation-block\">Journey duration: The travel time is usually around 50 minutes to 1 hour, depending on traffic.<\/li>\n<\/ul>\n\n\n\n<p>This price is an approximate and may vary. Check availability and price.<\/p>\n\n\n<p>No hay n\u00fameros de tel\u00e9fono configurados.<\/p>","protected":false},"excerpt":{"rendered":"<p>El costo aproximado de un taxi desde Gand\u00eda al Aeropuerto de Valencia var\u00eda dependiendo de varios factores, como la hora del d\u00eda (diurna o nocturna), d\u00edas festivos, y posibles recargos por equipaje o servicios adicionales. Sin embargo, para tener una idea aproximada: Este precio es un aproximado y podr\u00eda variar. Consulta disponiblidad y precio.<\/p>","protected":false},"author":1,"featured_media":0,"parent":0,"menu_order":0,"comment_status":"closed","ping_status":"closed","template":"","meta":{"footnotes":""},"class_list":["post-2192","page","type-page","status-publish"],"_links":{"self":[{"href":"https:\/\/gandiataxi.com\/en\/wp-json\/wp\/v2\/pages\/2192","targetHints":{"allow":["GET"]}}],"collection":[{"href":"https:\/\/gandiataxi.com\/en\/wp-json\/wp\/v2\/pages"}],"about":[{"href":"https:\/\/gandiataxi.com\/en\/wp-json\/wp\/v2\/types\/page"}],"author":[{"embeddable":true,"href":"https:\/\/gandiataxi.com\/en\/wp-json\/wp\/v2\/users\/1"}],"replies":[{"embeddable":true,"href":"https:\/\/gandiataxi.com\/en\/wp-json\/wp\/v2\/comments?post=2192"}],"version-history":[{"count":1,"href":"https:\/\/gandiataxi.com\/en\/wp-json\/wp\/v2\/pages\/2192\/revisions"}],"predecessor-version":[{"id":2193,"href":"https:\/\/gandiataxi.com\/en\/wp-json\/wp\/v2\/pages\/2192\/revisions\/2193"}],"wp:attachment":[{"href":"https:\/\/gandiataxi.com\/en\/wp-json\/wp\/v2\/media?parent=2192"}],"curies":[{"name":"wp","href":"https:\/\/api.w.org\/{rel}","templated":true}]}}