{"id":2197,"date":"2024-10-11T10:13:00","date_gmt":"2024-10-11T09:13:00","guid":{"rendered":"https:\/\/gandiataxi.com\/?page_id=2197"},"modified":"2024-12-04T20:44:54","modified_gmt":"2024-12-04T20:44:54","slug":"taxi-de-gandia-a-oliva","status":"publish","type":"page","link":"https:\/\/gandiataxi.com\/en\/taxi-de-gandia-a-oliva\/","title":{"rendered":"\u00bfCu\u00e1nto cuesta un taxi de Gand\u00eda a Oliva?"},"content":{"rendered":"<p>El costo aproximado de un taxi desde Gand\u00eda a <a href=\"http:\/\/oliva.gandiataxi.com\">Oliva <\/a>puede variar seg\u00fan la hora del d\u00eda (diurna o nocturna), posibles recargos, y la tarifa de la empresa de taxis. Sin embargo, para que tengas una idea general:<\/p>\n\n\n\n<ul class=\"wp-block-list\">\n<li><strong>Precio estimado<\/strong>: El rango de precios suele estar entre <strong>20\u20ac y 30\u20ac<\/strong>.<\/li>\n\n\n\n<li><strong>Distancia<\/strong>: La distancia entre Gand\u00eda y Oliva es de aproximadamente <strong>10 km<\/strong>.<\/li>\n\n\n\n<li><strong>Duraci\u00f3n del trayecto<\/strong>: El tiempo de viaje suele ser de unos <strong>10 a 15 minutos<\/strong>, dependiendo del tr\u00e1fico.<\/li>\n<\/ul>\n\n\n\n<p>Este precio es una estimaci\u00f3n y puede variar seg\u00fan las circunstancias. Llama y consulta disponibilidad.<\/p>\n\n\n<p>No hay n\u00fameros de tel\u00e9fono configurados.<\/p>","protected":false},"excerpt":{"rendered":"<p>El costo aproximado de un taxi desde Gand\u00eda a Oliva puede variar seg\u00fan la hora del d\u00eda (diurna o nocturna), posibles recargos, y la tarifa de la empresa de taxis. Sin embargo, para que tengas una idea general: Este precio es una estimaci\u00f3n y puede variar seg\u00fan las circunstancias. Llama y consulta disponibilidad.<\/p>","protected":false},"author":1,"featured_media":531,"parent":0,"menu_order":0,"comment_status":"closed","ping_status":"closed","template":"","meta":{"footnotes":""},"class_list":["post-2197","page","type-page","status-publish","has-post-thumbnail"],"_links":{"self":[{"href":"https:\/\/gandiataxi.com\/en\/wp-json\/wp\/v2\/pages\/2197","targetHints":{"allow":["GET"]}}],"collection":[{"href":"https:\/\/gandiataxi.com\/en\/wp-json\/wp\/v2\/pages"}],"about":[{"href":"https:\/\/gandiataxi.com\/en\/wp-json\/wp\/v2\/types\/page"}],"author":[{"embeddable":true,"href":"https:\/\/gandiataxi.com\/en\/wp-json\/wp\/v2\/users\/1"}],"replies":[{"embeddable":true,"href":"https:\/\/gandiataxi.com\/en\/wp-json\/wp\/v2\/comments?post=2197"}],"version-history":[{"count":2,"href":"https:\/\/gandiataxi.com\/en\/wp-json\/wp\/v2\/pages\/2197\/revisions"}],"predecessor-version":[{"id":2274,"href":"https:\/\/gandiataxi.com\/en\/wp-json\/wp\/v2\/pages\/2197\/revisions\/2274"}],"wp:featuredmedia":[{"embeddable":true,"href":"https:\/\/gandiataxi.com\/en\/wp-json\/wp\/v2\/media\/531"}],"wp:attachment":[{"href":"https:\/\/gandiataxi.com\/en\/wp-json\/wp\/v2\/media?parent=2197"}],"curies":[{"name":"wp","href":"https:\/\/api.w.org\/{rel}","templated":true}]}}